{"id":7749,"date":"2022-11-19T15:39:14","date_gmt":"2022-11-19T14:39:14","guid":{"rendered":"https:\/\/bluacquari.it\/?post_type=product&#038;p=7749"},"modified":"2023-01-03T18:44:28","modified_gmt":"2023-01-03T17:44:28","slug":"reeflowers-pearl-white-sand","status":"publish","type":"product","link":"https:\/\/bluacquari.it\/index.php\/product\/reeflowers-pearl-white-sand\/","title":{"rendered":"Reeflowers Pearl white sand"},"content":{"rendered":"<p><strong>Reeflowers Pearl white sand<\/strong> \u00e8 una sabbia naturale a base di calcio. La sabbia \u00e8 di elevata purezza e molto bianca. Mantiene la durezza dell\u2019acqua grazie al carbonato di calcio che la compone. Stabilizza il valore di pH tra 8,1 e 8,4 , crea un\u2019ambiente naturale per rendere i viventi pi\u00f9 sani.Il prodotto si pu\u00f2 usare in acquari marini, del Lago Tanganica o del Lago Malawi &amp; Victoria e negli acquari in cui \u00e8 necessario mantenere un valore alto di pH. Reeflowers Pearl white sand, aggiunta in acqua, si scioglie parzialmente ed aumenta il valore di pH dell\u2019acqua del vostro acquario mantenendolo compreso tra 8,1-8,4.<\/p>\n<p>Reeflowers Pearl white sand crea l\u2019ambiente ideale per i batteri nitrificanti e denitrificanti ed aiuta a mantenere l\u2019acqua pulita. Il prodotto non ha subito nessun trattamento chimico, non si riscontrano sostanze estranee. Contiene carbonato di calcio alla purezza di 99 %. Non contiene metalli pesanti e sostanze tossiche. Reeflowers Pearl white sand \u00e8 prodotto specificatamente per l\u2019utilizzo in acquario. I bordi della sabbia non sono taglienti, angolati o aguzzi, non danneggia i pesci del fondo o gli altri organismi. Grazie alla sua propriet\u00e0 di riflettere la luce, i coralli e gli invertebrati fotosintetici possono diventare pi\u00f9 sani e avere i colori pi\u00f9 vivaci.<\/p>\n<p>Reeflowers Pearl white sand grazie alla sua elevata purezza si scioglie pi\u00f9 veloce delle altre sabbie. Il discioglimento veloce della sabbia rafforza la sua propriet\u00e0 di tamponare l\u2019acqua e rende la sabbia bianca per il periodo pi\u00f9 lungo.<\/p>\n<p><strong>ISTRUZIONI PER USO<\/strong><\/p>\n<p>10 kg Reeflowers Pearl white sand copre una superficie di 50&#215;50 cm per circa 3 cm.<\/p>\n","protected":false},"excerpt":{"rendered":"<p><strong>ReeFlowers Pearl White Sand<\/strong>una miscela naturale contenente calcio.\u00a0Elevata purezza e colore bianco.<\/p>\n","protected":false},"featured_media":7750,"template":"","meta":[],"pwb-brand":[],"product_brand":[],"product_cat":[228,227,243,217,180],"product_tag":[],"class_list":{"0":"post-7749","1":"product","2":"type-product","3":"status-publish","4":"has-post-thumbnail","6":"product_cat-acqua-dolce","7":"product_cat-cura","8":"product_cat-reeflowers","9":"product_cat-terra-substrato","10":"product_cat-sabbia","12":"first","13":"instock","14":"taxable","15":"shipping-taxable","16":"purchasable","17":"product-type-variable"},"yoast_head":"<!-- This site is optimized with the Yoast SEO plugin v26.6 - https:\/\/yoast.com\/wordpress\/plugins\/seo\/ -->\n<title>Reeflowers Pearl white sand - Blu Acquari &amp; Natura<\/title>\n<meta name=\"robots\" content=\"index, follow, max-snippet:-1, max-image-preview:large, max-video-preview:-1\" \/>\n<link rel=\"canonical\" href=\"https:\/\/bluacquari.it\/index.php\/product\/reeflowers-pearl-white-sand\/\" \/>\n<meta property=\"og:locale\" content=\"it_IT\" \/>\n<meta property=\"og:type\" content=\"article\" \/>\n<meta property=\"og:title\" content=\"Reeflowers Pearl white sand - Blu Acquari &amp; Natura\" \/>\n<meta property=\"og:description\" content=\"ReeFlowers Pearl White Sanduna miscela naturale contenente calcio.\u00a0Elevata purezza e colore bianco.\" \/>\n<meta property=\"og:url\" content=\"https:\/\/bluacquari.it\/index.php\/product\/reeflowers-pearl-white-sand\/\" \/>\n<meta property=\"og:site_name\" content=\"Blu Acquari &amp; Natura\" \/>\n<meta property=\"article:publisher\" content=\"https:\/\/www.facebook.com\/profile.php?id=100063957667129\" \/>\n<meta property=\"article:modified_time\" content=\"2023-01-03T17:44:28+00:00\" \/>\n<meta property=\"og:image\" content=\"http:\/\/bluacquari.it\/wp-content\/uploads\/2022\/11\/s-l400.jpg\" \/>\n\t<meta property=\"og:image:width\" content=\"400\" \/>\n\t<meta property=\"og:image:height\" content=\"400\" \/>\n\t<meta property=\"og:image:type\" content=\"image\/jpeg\" \/>\n<meta name=\"twitter:card\" content=\"summary_large_image\" \/>\n<meta name=\"twitter:label1\" content=\"Tempo di lettura stimato\" \/>\n\t<meta name=\"twitter:data1\" content=\"2 minuti\" \/>\n<script type=\"application\/ld+json\" class=\"yoast-schema-graph\">{\"@context\":\"https:\/\/schema.org\",\"@graph\":[{\"@type\":\"WebPage\",\"@id\":\"https:\/\/bluacquari.it\/index.php\/product\/reeflowers-pearl-white-sand\/\",\"url\":\"https:\/\/bluacquari.it\/index.php\/product\/reeflowers-pearl-white-sand\/\",\"name\":\"Reeflowers Pearl white sand - Blu Acquari &amp; Natura\",\"isPartOf\":{\"@id\":\"https:\/\/bluacquari.it\/#website\"},\"primaryImageOfPage\":{\"@id\":\"https:\/\/bluacquari.it\/index.php\/product\/reeflowers-pearl-white-sand\/#primaryimage\"},\"image\":{\"@id\":\"https:\/\/bluacquari.it\/index.php\/product\/reeflowers-pearl-white-sand\/#primaryimage\"},\"thumbnailUrl\":\"https:\/\/bluacquari.it\/wp-content\/uploads\/2022\/11\/s-l400.jpg\",\"datePublished\":\"2022-11-19T14:39:14+00:00\",\"dateModified\":\"2023-01-03T17:44:28+00:00\",\"breadcrumb\":{\"@id\":\"https:\/\/bluacquari.it\/index.php\/product\/reeflowers-pearl-white-sand\/#breadcrumb\"},\"inLanguage\":\"it-IT\",\"potentialAction\":[{\"@type\":\"ReadAction\",\"target\":[\"https:\/\/bluacquari.it\/index.php\/product\/reeflowers-pearl-white-sand\/\"]}]},{\"@type\":\"ImageObject\",\"inLanguage\":\"it-IT\",\"@id\":\"https:\/\/bluacquari.it\/index.php\/product\/reeflowers-pearl-white-sand\/#primaryimage\",\"url\":\"https:\/\/bluacquari.it\/wp-content\/uploads\/2022\/11\/s-l400.jpg\",\"contentUrl\":\"https:\/\/bluacquari.it\/wp-content\/uploads\/2022\/11\/s-l400.jpg\",\"width\":400,\"height\":400},{\"@type\":\"BreadcrumbList\",\"@id\":\"https:\/\/bluacquari.it\/index.php\/product\/reeflowers-pearl-white-sand\/#breadcrumb\",\"itemListElement\":[{\"@type\":\"ListItem\",\"position\":1,\"name\":\"Home\",\"item\":\"https:\/\/bluacquari.it\/\"},{\"@type\":\"ListItem\",\"position\":2,\"name\":\"Prodotti\",\"item\":\"https:\/\/bluacquari.it\/index.php\/prodotti\/\"},{\"@type\":\"ListItem\",\"position\":3,\"name\":\"Reeflowers Pearl white sand\"}]},{\"@type\":\"WebSite\",\"@id\":\"https:\/\/bluacquari.it\/#website\",\"url\":\"https:\/\/bluacquari.it\/\",\"name\":\"Blu Acquari &amp; Natura\",\"description\":\"Rendi unico il tuo acquario\",\"publisher\":{\"@id\":\"https:\/\/bluacquari.it\/#organization\"},\"potentialAction\":[{\"@type\":\"SearchAction\",\"target\":{\"@type\":\"EntryPoint\",\"urlTemplate\":\"https:\/\/bluacquari.it\/?s={search_term_string}\"},\"query-input\":{\"@type\":\"PropertyValueSpecification\",\"valueRequired\":true,\"valueName\":\"search_term_string\"}}],\"inLanguage\":\"it-IT\"},{\"@type\":\"Organization\",\"@id\":\"https:\/\/bluacquari.it\/#organization\",\"name\":\"Blu Acquari &amp; Natura\",\"url\":\"https:\/\/bluacquari.it\/\",\"logo\":{\"@type\":\"ImageObject\",\"inLanguage\":\"it-IT\",\"@id\":\"https:\/\/bluacquari.it\/#\/schema\/logo\/image\/\",\"url\":\"https:\/\/bluacquari.it\/wp-content\/uploads\/2022\/08\/Logo.png\",\"contentUrl\":\"https:\/\/bluacquari.it\/wp-content\/uploads\/2022\/08\/Logo.png\",\"width\":850,\"height\":425,\"caption\":\"Blu Acquari &amp; Natura\"},\"image\":{\"@id\":\"https:\/\/bluacquari.it\/#\/schema\/logo\/image\/\"},\"sameAs\":[\"https:\/\/www.facebook.com\/profile.php?id=100063957667129\",\"https:\/\/www.instagram.com\/blu_acquari_roma\/\"]}]}<\/script>\n<!-- \/ Yoast SEO plugin. -->","yoast_head_json":{"title":"Reeflowers Pearl white sand - Blu Acquari &amp; Natura","robots":{"index":"index","follow":"follow","max-snippet":"max-snippet:-1","max-image-preview":"max-image-preview:large","max-video-preview":"max-video-preview:-1"},"canonical":"https:\/\/bluacquari.it\/index.php\/product\/reeflowers-pearl-white-sand\/","og_locale":"it_IT","og_type":"article","og_title":"Reeflowers Pearl white sand - Blu Acquari &amp; Natura","og_description":"ReeFlowers Pearl White Sanduna miscela naturale contenente calcio.\u00a0Elevata purezza e colore bianco.","og_url":"https:\/\/bluacquari.it\/index.php\/product\/reeflowers-pearl-white-sand\/","og_site_name":"Blu Acquari &amp; Natura","article_publisher":"https:\/\/www.facebook.com\/profile.php?id=100063957667129","article_modified_time":"2023-01-03T17:44:28+00:00","og_image":[{"width":400,"height":400,"url":"http:\/\/bluacquari.it\/wp-content\/uploads\/2022\/11\/s-l400.jpg","type":"image\/jpeg"}],"twitter_card":"summary_large_image","twitter_misc":{"Tempo di lettura stimato":"2 minuti"},"schema":{"@context":"https:\/\/schema.org","@graph":[{"@type":"WebPage","@id":"https:\/\/bluacquari.it\/index.php\/product\/reeflowers-pearl-white-sand\/","url":"https:\/\/bluacquari.it\/index.php\/product\/reeflowers-pearl-white-sand\/","name":"Reeflowers Pearl white sand - Blu Acquari &amp; Natura","isPartOf":{"@id":"https:\/\/bluacquari.it\/#website"},"primaryImageOfPage":{"@id":"https:\/\/bluacquari.it\/index.php\/product\/reeflowers-pearl-white-sand\/#primaryimage"},"image":{"@id":"https:\/\/bluacquari.it\/index.php\/product\/reeflowers-pearl-white-sand\/#primaryimage"},"thumbnailUrl":"https:\/\/bluacquari.it\/wp-content\/uploads\/2022\/11\/s-l400.jpg","datePublished":"2022-11-19T14:39:14+00:00","dateModified":"2023-01-03T17:44:28+00:00","breadcrumb":{"@id":"https:\/\/bluacquari.it\/index.php\/product\/reeflowers-pearl-white-sand\/#breadcrumb"},"inLanguage":"it-IT","potentialAction":[{"@type":"ReadAction","target":["https:\/\/bluacquari.it\/index.php\/product\/reeflowers-pearl-white-sand\/"]}]},{"@type":"ImageObject","inLanguage":"it-IT","@id":"https:\/\/bluacquari.it\/index.php\/product\/reeflowers-pearl-white-sand\/#primaryimage","url":"https:\/\/bluacquari.it\/wp-content\/uploads\/2022\/11\/s-l400.jpg","contentUrl":"https:\/\/bluacquari.it\/wp-content\/uploads\/2022\/11\/s-l400.jpg","width":400,"height":400},{"@type":"BreadcrumbList","@id":"https:\/\/bluacquari.it\/index.php\/product\/reeflowers-pearl-white-sand\/#breadcrumb","itemListElement":[{"@type":"ListItem","position":1,"name":"Home","item":"https:\/\/bluacquari.it\/"},{"@type":"ListItem","position":2,"name":"Prodotti","item":"https:\/\/bluacquari.it\/index.php\/prodotti\/"},{"@type":"ListItem","position":3,"name":"Reeflowers Pearl white sand"}]},{"@type":"WebSite","@id":"https:\/\/bluacquari.it\/#website","url":"https:\/\/bluacquari.it\/","name":"Blu Acquari &amp; Natura","description":"Rendi unico il tuo acquario","publisher":{"@id":"https:\/\/bluacquari.it\/#organization"},"potentialAction":[{"@type":"SearchAction","target":{"@type":"EntryPoint","urlTemplate":"https:\/\/bluacquari.it\/?s={search_term_string}"},"query-input":{"@type":"PropertyValueSpecification","valueRequired":true,"valueName":"search_term_string"}}],"inLanguage":"it-IT"},{"@type":"Organization","@id":"https:\/\/bluacquari.it\/#organization","name":"Blu Acquari &amp; Natura","url":"https:\/\/bluacquari.it\/","logo":{"@type":"ImageObject","inLanguage":"it-IT","@id":"https:\/\/bluacquari.it\/#\/schema\/logo\/image\/","url":"https:\/\/bluacquari.it\/wp-content\/uploads\/2022\/08\/Logo.png","contentUrl":"https:\/\/bluacquari.it\/wp-content\/uploads\/2022\/08\/Logo.png","width":850,"height":425,"caption":"Blu Acquari &amp; Natura"},"image":{"@id":"https:\/\/bluacquari.it\/#\/schema\/logo\/image\/"},"sameAs":["https:\/\/www.facebook.com\/profile.php?id=100063957667129","https:\/\/www.instagram.com\/blu_acquari_roma\/"]}]}},"jetpack_sharing_enabled":true,"brands":[],"featured_media_urls":{"thumbnail":["https:\/\/bluacquari.it\/wp-content\/uploads\/2022\/11\/s-l400-150x150.jpg",150,150,true],"medium":["https:\/\/bluacquari.it\/wp-content\/uploads\/2022\/11\/s-l400-300x300.jpg",300,300,true],"medium_large":["https:\/\/bluacquari.it\/wp-content\/uploads\/2022\/11\/s-l400.jpg",400,400,false],"large":["https:\/\/bluacquari.it\/wp-content\/uploads\/2022\/11\/s-l400.jpg",400,400,false],"1536x1536":["https:\/\/bluacquari.it\/wp-content\/uploads\/2022\/11\/s-l400.jpg",400,400,false],"2048x2048":["https:\/\/bluacquari.it\/wp-content\/uploads\/2022\/11\/s-l400.jpg",400,400,false],"inspiro-featured-image":["https:\/\/bluacquari.it\/wp-content\/uploads\/2022\/11\/s-l400.jpg",400,400,false],"inspiro-loop":["https:\/\/bluacquari.it\/wp-content\/uploads\/2022\/11\/s-l400-400x320.jpg",400,320,true],"inspiro-loop@2x":["https:\/\/bluacquari.it\/wp-content\/uploads\/2022\/11\/s-l400.jpg",400,400,false],"woocommerce_thumbnail":["https:\/\/bluacquari.it\/wp-content\/uploads\/2022\/11\/s-l400-300x300.jpg",300,300,true],"woocommerce_single":["https:\/\/bluacquari.it\/wp-content\/uploads\/2022\/11\/s-l400.jpg",400,400,false],"woocommerce_gallery_thumbnail":["https:\/\/bluacquari.it\/wp-content\/uploads\/2022\/11\/s-l400-100x100.jpg",100,100,true],"portfolio_item-thumbnail":["https:\/\/bluacquari.it\/wp-content\/uploads\/2022\/11\/s-l400.jpg",400,400,false],"portfolio_item-thumbnail@2x":["https:\/\/bluacquari.it\/wp-content\/uploads\/2022\/11\/s-l400.jpg",400,400,false],"portfolio_item-masonry":["https:\/\/bluacquari.it\/wp-content\/uploads\/2022\/11\/s-l400.jpg",400,400,false],"portfolio_item-masonry@2x":["https:\/\/bluacquari.it\/wp-content\/uploads\/2022\/11\/s-l400.jpg",400,400,false],"portfolio_item-thumbnail_cinema":["https:\/\/bluacquari.it\/wp-content\/uploads\/2022\/11\/s-l400-400x335.jpg",400,335,true],"portfolio_item-thumbnail_portrait":["https:\/\/bluacquari.it\/wp-content\/uploads\/2022\/11\/s-l400.jpg",400,400,false],"portfolio_item-thumbnail_portrait@2x":["https:\/\/bluacquari.it\/wp-content\/uploads\/2022\/11\/s-l400.jpg",400,400,false],"portfolio_item-thumbnail_square":["https:\/\/bluacquari.it\/wp-content\/uploads\/2022\/11\/s-l400.jpg",400,400,false]},"_links":{"self":[{"href":"https:\/\/bluacquari.it\/index.php\/wp-json\/wp\/v2\/product\/7749","targetHints":{"allow":["GET"]}}],"collection":[{"href":"https:\/\/bluacquari.it\/index.php\/wp-json\/wp\/v2\/product"}],"about":[{"href":"https:\/\/bluacquari.it\/index.php\/wp-json\/wp\/v2\/types\/product"}],"wp:featuredmedia":[{"embeddable":true,"href":"https:\/\/bluacquari.it\/index.php\/wp-json\/wp\/v2\/media\/7750"}],"wp:attachment":[{"href":"https:\/\/bluacquari.it\/index.php\/wp-json\/wp\/v2\/media?parent=7749"}],"wp:term":[{"taxonomy":"pwb-brand","embeddable":true,"href":"https:\/\/bluacquari.it\/index.php\/wp-json\/wp\/v2\/pwb-brand?post=7749"},{"taxonomy":"product_brand","embeddable":true,"href":"https:\/\/bluacquari.it\/index.php\/wp-json\/wp\/v2\/product_brand?post=7749"},{"taxonomy":"product_cat","embeddable":true,"href":"https:\/\/bluacquari.it\/index.php\/wp-json\/wp\/v2\/product_cat?post=7749"},{"taxonomy":"product_tag","embeddable":true,"href":"https:\/\/bluacquari.it\/index.php\/wp-json\/wp\/v2\/product_tag?post=7749"}],"curies":[{"name":"wp","href":"https:\/\/api.w.org\/{rel}","templated":true}]}}