{"id":7899,"date":"2022-11-19T17:10:36","date_gmt":"2022-11-19T16:10:36","guid":{"rendered":"https:\/\/bluacquari.it\/?post_type=product&#038;p=7899"},"modified":"2022-12-18T17:25:52","modified_gmt":"2022-12-18T16:25:52","slug":"test-aquili-co2","status":"publish","type":"product","link":"https:\/\/bluacquari.it\/index.php\/product\/test-aquili-co2\/","title":{"rendered":"Aquili Test Co2"},"content":{"rendered":"<div class=\"moz-text-html\" lang=\"x-unicode\">\n<div dir=\"ltr\">\n<div class=\"gmail-card-body gmail-tab-content\">\n<div id=\"gmail-tab_content_website_description\" class=\"gmail-tab-pane gmail-fade gmail-active gmail-show\" role=\"tabpanel\" aria-labelledby=\"tab_website_description\">\n<p>Il test per la misurazione continua \u00e8 molto importante per una corretta diffusione della CO2, perch\u00e8 il variare del colore dell&#8217;acqua all&#8217;interno dell&#8217;ampollina misuratore, ci indica in ogni momento la quantit\u00e0 di CO2 disciolta in acquario.<\/p>\n<p><strong>La confezione comprende:<\/strong><\/p>\n<ul>\n<li>Soluzione per 150 Test<\/li>\n<li>Istruzioni e Tabella colorimetrica<\/li>\n<li>1 cuvetta in vetro per test permanente<\/li>\n<\/ul>\n<\/div>\n<\/div>\n<\/div>\n<\/div>\n","protected":false},"excerpt":{"rendered":"<p>Il test per la misurazione continua \u00e8 molto importante per una corretta diffusione della CO2, perch\u00e8 il variare del colore dell&#8217;acqua all&#8217;interno dell&#8217;ampollina misuratore, ci indica in ogni momento la quantit\u00e0 di CO2 disciolta in acquario.<\/p>\n","protected":false},"featured_media":7900,"template":"","meta":[],"pwb-brand":[],"product_brand":[],"product_cat":[228,244,232,213,219,123,142,150],"product_tag":[],"class_list":{"0":"post-7899","1":"product","2":"type-product","3":"status-publish","4":"has-post-thumbnail","6":"product_cat-acqua-dolce","7":"product_cat-acqua-salata","8":"product_cat-co2","9":"product_cat-diffusori-di-co2","10":"product_cat-test","11":"product_cat-accessori","12":"product_cat-valvole-non-ritorno","13":"product_cat-bombole-co2","15":"first","16":"instock","17":"taxable","18":"shipping-taxable","19":"purchasable","20":"product-type-simple"},"yoast_head":"<!-- This site is optimized with the Yoast SEO plugin v26.6 - https:\/\/yoast.com\/wordpress\/plugins\/seo\/ -->\n<title>Aquili Test Co2 - Blu Acquari &amp; Natura<\/title>\n<meta name=\"robots\" content=\"index, follow, max-snippet:-1, max-image-preview:large, max-video-preview:-1\" \/>\n<link rel=\"canonical\" href=\"https:\/\/bluacquari.it\/index.php\/product\/test-aquili-co2\/\" \/>\n<meta property=\"og:locale\" content=\"it_IT\" \/>\n<meta property=\"og:type\" content=\"article\" \/>\n<meta property=\"og:title\" content=\"Aquili Test Co2 - Blu Acquari &amp; Natura\" \/>\n<meta property=\"og:description\" content=\"Il test per la misurazione continua \u00e8 molto importante per una corretta diffusione della CO2, perch\u00e8 il variare del colore dell&#039;acqua all&#039;interno dell&#039;ampollina misuratore, ci indica in ogni momento la quantit\u00e0 di CO2 disciolta in acquario.\" \/>\n<meta property=\"og:url\" content=\"https:\/\/bluacquari.it\/index.php\/product\/test-aquili-co2\/\" \/>\n<meta property=\"og:site_name\" content=\"Blu Acquari &amp; Natura\" \/>\n<meta property=\"article:publisher\" content=\"https:\/\/www.facebook.com\/profile.php?id=100063957667129\" \/>\n<meta property=\"article:modified_time\" content=\"2022-12-18T16:25:52+00:00\" \/>\n<meta property=\"og:image\" content=\"http:\/\/bluacquari.it\/wp-content\/uploads\/2022\/11\/image-1.jpeg\" \/>\n\t<meta property=\"og:image:width\" content=\"400\" \/>\n\t<meta property=\"og:image:height\" content=\"400\" \/>\n\t<meta property=\"og:image:type\" content=\"image\/jpeg\" \/>\n<meta name=\"twitter:card\" content=\"summary_large_image\" \/>\n<meta name=\"twitter:label1\" content=\"Tempo di lettura stimato\" \/>\n\t<meta name=\"twitter:data1\" content=\"1 minuto\" \/>\n<script type=\"application\/ld+json\" class=\"yoast-schema-graph\">{\"@context\":\"https:\/\/schema.org\",\"@graph\":[{\"@type\":\"WebPage\",\"@id\":\"https:\/\/bluacquari.it\/index.php\/product\/test-aquili-co2\/\",\"url\":\"https:\/\/bluacquari.it\/index.php\/product\/test-aquili-co2\/\",\"name\":\"Aquili Test Co2 - Blu Acquari &amp; Natura\",\"isPartOf\":{\"@id\":\"https:\/\/bluacquari.it\/#website\"},\"primaryImageOfPage\":{\"@id\":\"https:\/\/bluacquari.it\/index.php\/product\/test-aquili-co2\/#primaryimage\"},\"image\":{\"@id\":\"https:\/\/bluacquari.it\/index.php\/product\/test-aquili-co2\/#primaryimage\"},\"thumbnailUrl\":\"https:\/\/bluacquari.it\/wp-content\/uploads\/2022\/11\/image-1.jpeg\",\"datePublished\":\"2022-11-19T16:10:36+00:00\",\"dateModified\":\"2022-12-18T16:25:52+00:00\",\"breadcrumb\":{\"@id\":\"https:\/\/bluacquari.it\/index.php\/product\/test-aquili-co2\/#breadcrumb\"},\"inLanguage\":\"it-IT\",\"potentialAction\":[{\"@type\":\"ReadAction\",\"target\":[\"https:\/\/bluacquari.it\/index.php\/product\/test-aquili-co2\/\"]}]},{\"@type\":\"ImageObject\",\"inLanguage\":\"it-IT\",\"@id\":\"https:\/\/bluacquari.it\/index.php\/product\/test-aquili-co2\/#primaryimage\",\"url\":\"https:\/\/bluacquari.it\/wp-content\/uploads\/2022\/11\/image-1.jpeg\",\"contentUrl\":\"https:\/\/bluacquari.it\/wp-content\/uploads\/2022\/11\/image-1.jpeg\",\"width\":400,\"height\":400},{\"@type\":\"BreadcrumbList\",\"@id\":\"https:\/\/bluacquari.it\/index.php\/product\/test-aquili-co2\/#breadcrumb\",\"itemListElement\":[{\"@type\":\"ListItem\",\"position\":1,\"name\":\"Home\",\"item\":\"https:\/\/bluacquari.it\/\"},{\"@type\":\"ListItem\",\"position\":2,\"name\":\"Prodotti\",\"item\":\"https:\/\/bluacquari.it\/index.php\/prodotti\/\"},{\"@type\":\"ListItem\",\"position\":3,\"name\":\"Aquili Test Co2\"}]},{\"@type\":\"WebSite\",\"@id\":\"https:\/\/bluacquari.it\/#website\",\"url\":\"https:\/\/bluacquari.it\/\",\"name\":\"Blu Acquari &amp; Natura\",\"description\":\"Rendi unico il tuo acquario\",\"publisher\":{\"@id\":\"https:\/\/bluacquari.it\/#organization\"},\"potentialAction\":[{\"@type\":\"SearchAction\",\"target\":{\"@type\":\"EntryPoint\",\"urlTemplate\":\"https:\/\/bluacquari.it\/?s={search_term_string}\"},\"query-input\":{\"@type\":\"PropertyValueSpecification\",\"valueRequired\":true,\"valueName\":\"search_term_string\"}}],\"inLanguage\":\"it-IT\"},{\"@type\":\"Organization\",\"@id\":\"https:\/\/bluacquari.it\/#organization\",\"name\":\"Blu Acquari &amp; Natura\",\"url\":\"https:\/\/bluacquari.it\/\",\"logo\":{\"@type\":\"ImageObject\",\"inLanguage\":\"it-IT\",\"@id\":\"https:\/\/bluacquari.it\/#\/schema\/logo\/image\/\",\"url\":\"https:\/\/bluacquari.it\/wp-content\/uploads\/2022\/08\/Logo.png\",\"contentUrl\":\"https:\/\/bluacquari.it\/wp-content\/uploads\/2022\/08\/Logo.png\",\"width\":850,\"height\":425,\"caption\":\"Blu Acquari &amp; Natura\"},\"image\":{\"@id\":\"https:\/\/bluacquari.it\/#\/schema\/logo\/image\/\"},\"sameAs\":[\"https:\/\/www.facebook.com\/profile.php?id=100063957667129\",\"https:\/\/www.instagram.com\/blu_acquari_roma\/\"]}]}<\/script>\n<!-- \/ Yoast SEO plugin. -->","yoast_head_json":{"title":"Aquili Test Co2 - Blu Acquari &amp; Natura","robots":{"index":"index","follow":"follow","max-snippet":"max-snippet:-1","max-image-preview":"max-image-preview:large","max-video-preview":"max-video-preview:-1"},"canonical":"https:\/\/bluacquari.it\/index.php\/product\/test-aquili-co2\/","og_locale":"it_IT","og_type":"article","og_title":"Aquili Test Co2 - Blu Acquari &amp; Natura","og_description":"Il test per la misurazione continua \u00e8 molto importante per una corretta diffusione della CO2, perch\u00e8 il variare del colore dell'acqua all'interno dell'ampollina misuratore, ci indica in ogni momento la quantit\u00e0 di CO2 disciolta in acquario.","og_url":"https:\/\/bluacquari.it\/index.php\/product\/test-aquili-co2\/","og_site_name":"Blu Acquari &amp; Natura","article_publisher":"https:\/\/www.facebook.com\/profile.php?id=100063957667129","article_modified_time":"2022-12-18T16:25:52+00:00","og_image":[{"width":400,"height":400,"url":"http:\/\/bluacquari.it\/wp-content\/uploads\/2022\/11\/image-1.jpeg","type":"image\/jpeg"}],"twitter_card":"summary_large_image","twitter_misc":{"Tempo di lettura stimato":"1 minuto"},"schema":{"@context":"https:\/\/schema.org","@graph":[{"@type":"WebPage","@id":"https:\/\/bluacquari.it\/index.php\/product\/test-aquili-co2\/","url":"https:\/\/bluacquari.it\/index.php\/product\/test-aquili-co2\/","name":"Aquili Test Co2 - Blu Acquari &amp; Natura","isPartOf":{"@id":"https:\/\/bluacquari.it\/#website"},"primaryImageOfPage":{"@id":"https:\/\/bluacquari.it\/index.php\/product\/test-aquili-co2\/#primaryimage"},"image":{"@id":"https:\/\/bluacquari.it\/index.php\/product\/test-aquili-co2\/#primaryimage"},"thumbnailUrl":"https:\/\/bluacquari.it\/wp-content\/uploads\/2022\/11\/image-1.jpeg","datePublished":"2022-11-19T16:10:36+00:00","dateModified":"2022-12-18T16:25:52+00:00","breadcrumb":{"@id":"https:\/\/bluacquari.it\/index.php\/product\/test-aquili-co2\/#breadcrumb"},"inLanguage":"it-IT","potentialAction":[{"@type":"ReadAction","target":["https:\/\/bluacquari.it\/index.php\/product\/test-aquili-co2\/"]}]},{"@type":"ImageObject","inLanguage":"it-IT","@id":"https:\/\/bluacquari.it\/index.php\/product\/test-aquili-co2\/#primaryimage","url":"https:\/\/bluacquari.it\/wp-content\/uploads\/2022\/11\/image-1.jpeg","contentUrl":"https:\/\/bluacquari.it\/wp-content\/uploads\/2022\/11\/image-1.jpeg","width":400,"height":400},{"@type":"BreadcrumbList","@id":"https:\/\/bluacquari.it\/index.php\/product\/test-aquili-co2\/#breadcrumb","itemListElement":[{"@type":"ListItem","position":1,"name":"Home","item":"https:\/\/bluacquari.it\/"},{"@type":"ListItem","position":2,"name":"Prodotti","item":"https:\/\/bluacquari.it\/index.php\/prodotti\/"},{"@type":"ListItem","position":3,"name":"Aquili Test Co2"}]},{"@type":"WebSite","@id":"https:\/\/bluacquari.it\/#website","url":"https:\/\/bluacquari.it\/","name":"Blu Acquari &amp; Natura","description":"Rendi unico il tuo acquario","publisher":{"@id":"https:\/\/bluacquari.it\/#organization"},"potentialAction":[{"@type":"SearchAction","target":{"@type":"EntryPoint","urlTemplate":"https:\/\/bluacquari.it\/?s={search_term_string}"},"query-input":{"@type":"PropertyValueSpecification","valueRequired":true,"valueName":"search_term_string"}}],"inLanguage":"it-IT"},{"@type":"Organization","@id":"https:\/\/bluacquari.it\/#organization","name":"Blu Acquari &amp; Natura","url":"https:\/\/bluacquari.it\/","logo":{"@type":"ImageObject","inLanguage":"it-IT","@id":"https:\/\/bluacquari.it\/#\/schema\/logo\/image\/","url":"https:\/\/bluacquari.it\/wp-content\/uploads\/2022\/08\/Logo.png","contentUrl":"https:\/\/bluacquari.it\/wp-content\/uploads\/2022\/08\/Logo.png","width":850,"height":425,"caption":"Blu Acquari &amp; Natura"},"image":{"@id":"https:\/\/bluacquari.it\/#\/schema\/logo\/image\/"},"sameAs":["https:\/\/www.facebook.com\/profile.php?id=100063957667129","https:\/\/www.instagram.com\/blu_acquari_roma\/"]}]}},"jetpack_sharing_enabled":true,"brands":[],"featured_media_urls":{"thumbnail":["https:\/\/bluacquari.it\/wp-content\/uploads\/2022\/11\/image-1-150x150.jpeg",150,150,true],"medium":["https:\/\/bluacquari.it\/wp-content\/uploads\/2022\/11\/image-1-300x300.jpeg",300,300,true],"medium_large":["https:\/\/bluacquari.it\/wp-content\/uploads\/2022\/11\/image-1-768x768.jpeg",768,768,true],"large":["https:\/\/bluacquari.it\/wp-content\/uploads\/2022\/11\/image-1.jpeg",400,400,false],"1536x1536":["https:\/\/bluacquari.it\/wp-content\/uploads\/2022\/11\/image-1.jpeg",400,400,false],"2048x2048":["https:\/\/bluacquari.it\/wp-content\/uploads\/2022\/11\/image-1.jpeg",400,400,false],"inspiro-featured-image":["https:\/\/bluacquari.it\/wp-content\/uploads\/2022\/11\/image-1.jpeg",400,400,false],"inspiro-loop":["https:\/\/bluacquari.it\/wp-content\/uploads\/2022\/11\/image-1-950x320.jpeg",950,320,true],"inspiro-loop@2x":["https:\/\/bluacquari.it\/wp-content\/uploads\/2022\/11\/image-1-1024x640.jpeg",1024,640,true],"woocommerce_thumbnail":["https:\/\/bluacquari.it\/wp-content\/uploads\/2022\/11\/image-1-300x300.jpeg",300,300,true],"woocommerce_single":["https:\/\/bluacquari.it\/wp-content\/uploads\/2022\/11\/image-1-600x600.jpeg",600,600,true],"woocommerce_gallery_thumbnail":["https:\/\/bluacquari.it\/wp-content\/uploads\/2022\/11\/image-1-100x100.jpeg",100,100,true],"portfolio_item-thumbnail":["https:\/\/bluacquari.it\/wp-content\/uploads\/2022\/11\/image-1-600x400.jpeg",600,400,true],"portfolio_item-thumbnail@2x":["https:\/\/bluacquari.it\/wp-content\/uploads\/2022\/11\/image-1.jpeg",400,400,false],"portfolio_item-masonry":["https:\/\/bluacquari.it\/wp-content\/uploads\/2022\/11\/image-1-600x600.jpeg",600,600,true],"portfolio_item-masonry@2x":["https:\/\/bluacquari.it\/wp-content\/uploads\/2022\/11\/image-1.jpeg",400,400,false],"portfolio_item-thumbnail_cinema":["https:\/\/bluacquari.it\/wp-content\/uploads\/2022\/11\/image-1-800x335.jpeg",800,335,true],"portfolio_item-thumbnail_portrait":["https:\/\/bluacquari.it\/wp-content\/uploads\/2022\/11\/image-1-600x900.jpeg",600,900,true],"portfolio_item-thumbnail_portrait@2x":["https:\/\/bluacquari.it\/wp-content\/uploads\/2022\/11\/image-1.jpeg",400,400,false],"portfolio_item-thumbnail_square":["https:\/\/bluacquari.it\/wp-content\/uploads\/2022\/11\/image-1-800x800.jpeg",800,800,true]},"_links":{"self":[{"href":"https:\/\/bluacquari.it\/index.php\/wp-json\/wp\/v2\/product\/7899","targetHints":{"allow":["GET"]}}],"collection":[{"href":"https:\/\/bluacquari.it\/index.php\/wp-json\/wp\/v2\/product"}],"about":[{"href":"https:\/\/bluacquari.it\/index.php\/wp-json\/wp\/v2\/types\/product"}],"wp:featuredmedia":[{"embeddable":true,"href":"https:\/\/bluacquari.it\/index.php\/wp-json\/wp\/v2\/media\/7900"}],"wp:attachment":[{"href":"https:\/\/bluacquari.it\/index.php\/wp-json\/wp\/v2\/media?parent=7899"}],"wp:term":[{"taxonomy":"pwb-brand","embeddable":true,"href":"https:\/\/bluacquari.it\/index.php\/wp-json\/wp\/v2\/pwb-brand?post=7899"},{"taxonomy":"product_brand","embeddable":true,"href":"https:\/\/bluacquari.it\/index.php\/wp-json\/wp\/v2\/product_brand?post=7899"},{"taxonomy":"product_cat","embeddable":true,"href":"https:\/\/bluacquari.it\/index.php\/wp-json\/wp\/v2\/product_cat?post=7899"},{"taxonomy":"product_tag","embeddable":true,"href":"https:\/\/bluacquari.it\/index.php\/wp-json\/wp\/v2\/product_tag?post=7899"}],"curies":[{"name":"wp","href":"https:\/\/api.w.org\/{rel}","templated":true}]}}