{"id":8568,"date":"2022-12-21T12:47:29","date_gmt":"2022-12-21T11:47:29","guid":{"rendered":"https:\/\/bluacquari.it\/?post_type=product&#038;p=8568"},"modified":"2022-12-21T17:35:23","modified_gmt":"2022-12-21T16:35:23","slug":"amtra-algen-control","status":"publish","type":"product","link":"https:\/\/bluacquari.it\/index.php\/product\/amtra-algen-control\/","title":{"rendered":"Amtra Algen control"},"content":{"rendered":"<h2>Amtra Pro Nature Algen Control 500 ml &#8211; Utile per 500 Litri<\/h2>\n<p>Se desideriamo creare una visione della natura sommersa, questa deve essere la pi\u00f9 bella possibile, biologicamente corretta e mozzafiato. Per questo la gamma dei prodotti Amtra pro nature si basa sulle istruzioni dettate da Madre Natura. Vogliamo portarvi ad un nuovo tipo di approccio per allestire in modo naturale il vostro acquario. Lasciate libera la vostra creativit\u00e0 per concepire scenari subacquei come quelli che si trovano in natura. Potrebbe essere un paesaggio di fiume con della ghiaia piatta, l\u2019habitat delle sponde di un lago, o semplicemente un paesaggio subacqueo nero che non pu\u00f2 essere eguagliato in quanto ad espressivit\u00e0 e naturalezza. La semplicit\u00e0 \u00e8 la cosa migliore; con Amtra pro nature si possono realizzare meraviglie apportando solo dei minimi cambiamenti nell\u2019ecosistema dell\u2019acquario. La preparazione naturale dell\u2019acqua, il trattamento delle acque, il miglioramento dei substrati e degli elementi decorativi producono un effetto MAGGIORE con una MINORE manipolazione. Riduce per diversi mesi il rischio di una fastidiosa proliferazione delle alghe e le cause di proliferazione delle alghe eliminando le sostanze nutritive in eccesso. Rinforza le piante ed indebolisce le alghe<\/p>\n<p>Confezione da 500 ml<\/p>\n","protected":false},"excerpt":{"rendered":"<p>AMTRA CLEANWATER &#8211; resina assorbente per inquinanti organici (NH3 NO2 NO3 PO4) in acquari d&#8217;acqua dolce e marina<\/p>\n","protected":false},"featured_media":8571,"template":"","meta":[],"pwb-brand":[],"product_brand":[],"product_cat":[228,244,238,214,227,226],"product_tag":[],"class_list":{"0":"post-8568","1":"product","2":"type-product","3":"status-publish","4":"has-post-thumbnail","6":"product_cat-acqua-dolce","7":"product_cat-acqua-salata","8":"product_cat-amtra","9":"product_cat-antialghe","10":"product_cat-cura","11":"product_cat-trattamento-dellacqua","13":"first","14":"instock","15":"taxable","16":"shipping-taxable","17":"purchasable","18":"product-type-simple"},"yoast_head":"<!-- This site is optimized with the Yoast SEO plugin v26.6 - https:\/\/yoast.com\/wordpress\/plugins\/seo\/ -->\n<title>Amtra Algen control - Blu Acquari &amp; Natura<\/title>\n<meta name=\"robots\" content=\"index, follow, max-snippet:-1, max-image-preview:large, max-video-preview:-1\" \/>\n<link rel=\"canonical\" href=\"https:\/\/bluacquari.it\/index.php\/product\/amtra-algen-control\/\" \/>\n<meta property=\"og:locale\" content=\"it_IT\" \/>\n<meta property=\"og:type\" content=\"article\" \/>\n<meta property=\"og:title\" content=\"Amtra Algen control - Blu Acquari &amp; Natura\" \/>\n<meta property=\"og:description\" content=\"AMTRA CLEANWATER - resina assorbente per inquinanti organici (NH3 NO2 NO3 PO4) in acquari d&#039;acqua dolce e marina\" \/>\n<meta property=\"og:url\" content=\"https:\/\/bluacquari.it\/index.php\/product\/amtra-algen-control\/\" \/>\n<meta property=\"og:site_name\" content=\"Blu Acquari &amp; Natura\" \/>\n<meta property=\"article:publisher\" content=\"https:\/\/www.facebook.com\/profile.php?id=100063957667129\" \/>\n<meta property=\"article:modified_time\" content=\"2022-12-21T16:35:23+00:00\" \/>\n<meta property=\"og:image\" content=\"http:\/\/bluacquari.it\/wp-content\/uploads\/2022\/12\/11248_P6VvzRRjqyFm.jpg\" \/>\n\t<meta property=\"og:image:width\" content=\"400\" \/>\n\t<meta property=\"og:image:height\" content=\"400\" \/>\n\t<meta property=\"og:image:type\" content=\"image\/jpeg\" \/>\n<meta name=\"twitter:card\" content=\"summary_large_image\" \/>\n<meta name=\"twitter:label1\" content=\"Tempo di lettura stimato\" \/>\n\t<meta name=\"twitter:data1\" content=\"2 minuti\" \/>\n<script type=\"application\/ld+json\" class=\"yoast-schema-graph\">{\"@context\":\"https:\/\/schema.org\",\"@graph\":[{\"@type\":\"WebPage\",\"@id\":\"https:\/\/bluacquari.it\/index.php\/product\/amtra-algen-control\/\",\"url\":\"https:\/\/bluacquari.it\/index.php\/product\/amtra-algen-control\/\",\"name\":\"Amtra Algen control - Blu Acquari &amp; Natura\",\"isPartOf\":{\"@id\":\"https:\/\/bluacquari.it\/#website\"},\"primaryImageOfPage\":{\"@id\":\"https:\/\/bluacquari.it\/index.php\/product\/amtra-algen-control\/#primaryimage\"},\"image\":{\"@id\":\"https:\/\/bluacquari.it\/index.php\/product\/amtra-algen-control\/#primaryimage\"},\"thumbnailUrl\":\"https:\/\/bluacquari.it\/wp-content\/uploads\/2022\/12\/11248_P6VvzRRjqyFm.jpg\",\"datePublished\":\"2022-12-21T11:47:29+00:00\",\"dateModified\":\"2022-12-21T16:35:23+00:00\",\"breadcrumb\":{\"@id\":\"https:\/\/bluacquari.it\/index.php\/product\/amtra-algen-control\/#breadcrumb\"},\"inLanguage\":\"it-IT\",\"potentialAction\":[{\"@type\":\"ReadAction\",\"target\":[\"https:\/\/bluacquari.it\/index.php\/product\/amtra-algen-control\/\"]}]},{\"@type\":\"ImageObject\",\"inLanguage\":\"it-IT\",\"@id\":\"https:\/\/bluacquari.it\/index.php\/product\/amtra-algen-control\/#primaryimage\",\"url\":\"https:\/\/bluacquari.it\/wp-content\/uploads\/2022\/12\/11248_P6VvzRRjqyFm.jpg\",\"contentUrl\":\"https:\/\/bluacquari.it\/wp-content\/uploads\/2022\/12\/11248_P6VvzRRjqyFm.jpg\",\"width\":400,\"height\":400},{\"@type\":\"BreadcrumbList\",\"@id\":\"https:\/\/bluacquari.it\/index.php\/product\/amtra-algen-control\/#breadcrumb\",\"itemListElement\":[{\"@type\":\"ListItem\",\"position\":1,\"name\":\"Home\",\"item\":\"https:\/\/bluacquari.it\/\"},{\"@type\":\"ListItem\",\"position\":2,\"name\":\"Prodotti\",\"item\":\"https:\/\/bluacquari.it\/index.php\/prodotti\/\"},{\"@type\":\"ListItem\",\"position\":3,\"name\":\"Amtra Algen control\"}]},{\"@type\":\"WebSite\",\"@id\":\"https:\/\/bluacquari.it\/#website\",\"url\":\"https:\/\/bluacquari.it\/\",\"name\":\"Blu Acquari &amp; Natura\",\"description\":\"Rendi unico il tuo acquario\",\"publisher\":{\"@id\":\"https:\/\/bluacquari.it\/#organization\"},\"potentialAction\":[{\"@type\":\"SearchAction\",\"target\":{\"@type\":\"EntryPoint\",\"urlTemplate\":\"https:\/\/bluacquari.it\/?s={search_term_string}\"},\"query-input\":{\"@type\":\"PropertyValueSpecification\",\"valueRequired\":true,\"valueName\":\"search_term_string\"}}],\"inLanguage\":\"it-IT\"},{\"@type\":\"Organization\",\"@id\":\"https:\/\/bluacquari.it\/#organization\",\"name\":\"Blu Acquari &amp; Natura\",\"url\":\"https:\/\/bluacquari.it\/\",\"logo\":{\"@type\":\"ImageObject\",\"inLanguage\":\"it-IT\",\"@id\":\"https:\/\/bluacquari.it\/#\/schema\/logo\/image\/\",\"url\":\"https:\/\/bluacquari.it\/wp-content\/uploads\/2022\/08\/Logo.png\",\"contentUrl\":\"https:\/\/bluacquari.it\/wp-content\/uploads\/2022\/08\/Logo.png\",\"width\":850,\"height\":425,\"caption\":\"Blu Acquari &amp; Natura\"},\"image\":{\"@id\":\"https:\/\/bluacquari.it\/#\/schema\/logo\/image\/\"},\"sameAs\":[\"https:\/\/www.facebook.com\/profile.php?id=100063957667129\",\"https:\/\/www.instagram.com\/blu_acquari_roma\/\"]}]}<\/script>\n<!-- \/ Yoast SEO plugin. -->","yoast_head_json":{"title":"Amtra Algen control - Blu Acquari &amp; Natura","robots":{"index":"index","follow":"follow","max-snippet":"max-snippet:-1","max-image-preview":"max-image-preview:large","max-video-preview":"max-video-preview:-1"},"canonical":"https:\/\/bluacquari.it\/index.php\/product\/amtra-algen-control\/","og_locale":"it_IT","og_type":"article","og_title":"Amtra Algen control - Blu Acquari &amp; Natura","og_description":"AMTRA CLEANWATER - resina assorbente per inquinanti organici (NH3 NO2 NO3 PO4) in acquari d'acqua dolce e marina","og_url":"https:\/\/bluacquari.it\/index.php\/product\/amtra-algen-control\/","og_site_name":"Blu Acquari &amp; Natura","article_publisher":"https:\/\/www.facebook.com\/profile.php?id=100063957667129","article_modified_time":"2022-12-21T16:35:23+00:00","og_image":[{"width":400,"height":400,"url":"http:\/\/bluacquari.it\/wp-content\/uploads\/2022\/12\/11248_P6VvzRRjqyFm.jpg","type":"image\/jpeg"}],"twitter_card":"summary_large_image","twitter_misc":{"Tempo di lettura stimato":"2 minuti"},"schema":{"@context":"https:\/\/schema.org","@graph":[{"@type":"WebPage","@id":"https:\/\/bluacquari.it\/index.php\/product\/amtra-algen-control\/","url":"https:\/\/bluacquari.it\/index.php\/product\/amtra-algen-control\/","name":"Amtra Algen control - Blu Acquari &amp; Natura","isPartOf":{"@id":"https:\/\/bluacquari.it\/#website"},"primaryImageOfPage":{"@id":"https:\/\/bluacquari.it\/index.php\/product\/amtra-algen-control\/#primaryimage"},"image":{"@id":"https:\/\/bluacquari.it\/index.php\/product\/amtra-algen-control\/#primaryimage"},"thumbnailUrl":"https:\/\/bluacquari.it\/wp-content\/uploads\/2022\/12\/11248_P6VvzRRjqyFm.jpg","datePublished":"2022-12-21T11:47:29+00:00","dateModified":"2022-12-21T16:35:23+00:00","breadcrumb":{"@id":"https:\/\/bluacquari.it\/index.php\/product\/amtra-algen-control\/#breadcrumb"},"inLanguage":"it-IT","potentialAction":[{"@type":"ReadAction","target":["https:\/\/bluacquari.it\/index.php\/product\/amtra-algen-control\/"]}]},{"@type":"ImageObject","inLanguage":"it-IT","@id":"https:\/\/bluacquari.it\/index.php\/product\/amtra-algen-control\/#primaryimage","url":"https:\/\/bluacquari.it\/wp-content\/uploads\/2022\/12\/11248_P6VvzRRjqyFm.jpg","contentUrl":"https:\/\/bluacquari.it\/wp-content\/uploads\/2022\/12\/11248_P6VvzRRjqyFm.jpg","width":400,"height":400},{"@type":"BreadcrumbList","@id":"https:\/\/bluacquari.it\/index.php\/product\/amtra-algen-control\/#breadcrumb","itemListElement":[{"@type":"ListItem","position":1,"name":"Home","item":"https:\/\/bluacquari.it\/"},{"@type":"ListItem","position":2,"name":"Prodotti","item":"https:\/\/bluacquari.it\/index.php\/prodotti\/"},{"@type":"ListItem","position":3,"name":"Amtra Algen control"}]},{"@type":"WebSite","@id":"https:\/\/bluacquari.it\/#website","url":"https:\/\/bluacquari.it\/","name":"Blu Acquari &amp; Natura","description":"Rendi unico il tuo acquario","publisher":{"@id":"https:\/\/bluacquari.it\/#organization"},"potentialAction":[{"@type":"SearchAction","target":{"@type":"EntryPoint","urlTemplate":"https:\/\/bluacquari.it\/?s={search_term_string}"},"query-input":{"@type":"PropertyValueSpecification","valueRequired":true,"valueName":"search_term_string"}}],"inLanguage":"it-IT"},{"@type":"Organization","@id":"https:\/\/bluacquari.it\/#organization","name":"Blu Acquari &amp; Natura","url":"https:\/\/bluacquari.it\/","logo":{"@type":"ImageObject","inLanguage":"it-IT","@id":"https:\/\/bluacquari.it\/#\/schema\/logo\/image\/","url":"https:\/\/bluacquari.it\/wp-content\/uploads\/2022\/08\/Logo.png","contentUrl":"https:\/\/bluacquari.it\/wp-content\/uploads\/2022\/08\/Logo.png","width":850,"height":425,"caption":"Blu Acquari &amp; Natura"},"image":{"@id":"https:\/\/bluacquari.it\/#\/schema\/logo\/image\/"},"sameAs":["https:\/\/www.facebook.com\/profile.php?id=100063957667129","https:\/\/www.instagram.com\/blu_acquari_roma\/"]}]}},"jetpack_sharing_enabled":true,"brands":[],"featured_media_urls":{"thumbnail":["https:\/\/bluacquari.it\/wp-content\/uploads\/2022\/12\/11248_P6VvzRRjqyFm-150x150.jpg",150,150,true],"medium":["https:\/\/bluacquari.it\/wp-content\/uploads\/2022\/12\/11248_P6VvzRRjqyFm-300x300.jpg",300,300,true],"medium_large":["https:\/\/bluacquari.it\/wp-content\/uploads\/2022\/12\/11248_P6VvzRRjqyFm.jpg",400,400,false],"large":["https:\/\/bluacquari.it\/wp-content\/uploads\/2022\/12\/11248_P6VvzRRjqyFm.jpg",400,400,false],"1536x1536":["https:\/\/bluacquari.it\/wp-content\/uploads\/2022\/12\/11248_P6VvzRRjqyFm.jpg",400,400,false],"2048x2048":["https:\/\/bluacquari.it\/wp-content\/uploads\/2022\/12\/11248_P6VvzRRjqyFm.jpg",400,400,false],"inspiro-featured-image":["https:\/\/bluacquari.it\/wp-content\/uploads\/2022\/12\/11248_P6VvzRRjqyFm.jpg",400,400,false],"inspiro-loop":["https:\/\/bluacquari.it\/wp-content\/uploads\/2022\/12\/11248_P6VvzRRjqyFm-400x320.jpg",400,320,true],"inspiro-loop@2x":["https:\/\/bluacquari.it\/wp-content\/uploads\/2022\/12\/11248_P6VvzRRjqyFm.jpg",400,400,false],"woocommerce_thumbnail":["https:\/\/bluacquari.it\/wp-content\/uploads\/2022\/12\/11248_P6VvzRRjqyFm-300x300.jpg",300,300,true],"woocommerce_single":["https:\/\/bluacquari.it\/wp-content\/uploads\/2022\/12\/11248_P6VvzRRjqyFm.jpg",400,400,false],"woocommerce_gallery_thumbnail":["https:\/\/bluacquari.it\/wp-content\/uploads\/2022\/12\/11248_P6VvzRRjqyFm-100x100.jpg",100,100,true],"portfolio_item-thumbnail":["https:\/\/bluacquari.it\/wp-content\/uploads\/2022\/12\/11248_P6VvzRRjqyFm.jpg",400,400,false],"portfolio_item-thumbnail@2x":["https:\/\/bluacquari.it\/wp-content\/uploads\/2022\/12\/11248_P6VvzRRjqyFm.jpg",400,400,false],"portfolio_item-masonry":["https:\/\/bluacquari.it\/wp-content\/uploads\/2022\/12\/11248_P6VvzRRjqyFm.jpg",400,400,false],"portfolio_item-masonry@2x":["https:\/\/bluacquari.it\/wp-content\/uploads\/2022\/12\/11248_P6VvzRRjqyFm.jpg",400,400,false],"portfolio_item-thumbnail_cinema":["https:\/\/bluacquari.it\/wp-content\/uploads\/2022\/12\/11248_P6VvzRRjqyFm-400x335.jpg",400,335,true],"portfolio_item-thumbnail_portrait":["https:\/\/bluacquari.it\/wp-content\/uploads\/2022\/12\/11248_P6VvzRRjqyFm.jpg",400,400,false],"portfolio_item-thumbnail_portrait@2x":["https:\/\/bluacquari.it\/wp-content\/uploads\/2022\/12\/11248_P6VvzRRjqyFm.jpg",400,400,false],"portfolio_item-thumbnail_square":["https:\/\/bluacquari.it\/wp-content\/uploads\/2022\/12\/11248_P6VvzRRjqyFm.jpg",400,400,false]},"_links":{"self":[{"href":"https:\/\/bluacquari.it\/index.php\/wp-json\/wp\/v2\/product\/8568","targetHints":{"allow":["GET"]}}],"collection":[{"href":"https:\/\/bluacquari.it\/index.php\/wp-json\/wp\/v2\/product"}],"about":[{"href":"https:\/\/bluacquari.it\/index.php\/wp-json\/wp\/v2\/types\/product"}],"wp:featuredmedia":[{"embeddable":true,"href":"https:\/\/bluacquari.it\/index.php\/wp-json\/wp\/v2\/media\/8571"}],"wp:attachment":[{"href":"https:\/\/bluacquari.it\/index.php\/wp-json\/wp\/v2\/media?parent=8568"}],"wp:term":[{"taxonomy":"pwb-brand","embeddable":true,"href":"https:\/\/bluacquari.it\/index.php\/wp-json\/wp\/v2\/pwb-brand?post=8568"},{"taxonomy":"product_brand","embeddable":true,"href":"https:\/\/bluacquari.it\/index.php\/wp-json\/wp\/v2\/product_brand?post=8568"},{"taxonomy":"product_cat","embeddable":true,"href":"https:\/\/bluacquari.it\/index.php\/wp-json\/wp\/v2\/product_cat?post=8568"},{"taxonomy":"product_tag","embeddable":true,"href":"https:\/\/bluacquari.it\/index.php\/wp-json\/wp\/v2\/product_tag?post=8568"}],"curies":[{"name":"wp","href":"https:\/\/api.w.org\/{rel}","templated":true}]}}