{"id":8916,"date":"2023-03-10T11:01:28","date_gmt":"2023-03-10T10:01:28","guid":{"rendered":"https:\/\/bluacquari.it\/?post_type=product&#038;p=8916"},"modified":"2023-03-10T11:04:40","modified_gmt":"2023-03-10T10:04:40","slug":"anubias-barteri-vasetto","status":"publish","type":"product","link":"https:\/\/bluacquari.it\/index.php\/product\/anubias-barteri-vasetto\/","title":{"rendered":"Anubias barteri (vasetto)"},"content":{"rendered":"<p>L&#8217; anubias barteri \u00e8 una delle piante acquatiche pi\u00f9 popolari. Come altre anubias pu\u00f2 crescere sia in acquari che in terrari sia sommersi che emersi.<\/p>\n<p>Le foglie di questa pianta possono crescere fino a 30 cm di lunghezza.<\/p>\n<p>La pianta pu\u00f2 essere attaccata direttamente su legni, rocce o qualsiasi decorazione dell&#8217;acquario. La propagazione in acquario \u00e8 molto semplice; \u00e8 sufficiente tagliare o separare i rizomi da ripiantare<\/p>\n","protected":false},"excerpt":{"rendered":"<p>L&#8217; anubias barteri \u00e8 una delle piante acquatiche pi\u00f9 popolari. Come altre anubias pu\u00f2 crescere sia in acquari che in terrari sia sommersi che emersi. Le foglie di questa pianta possono crescere fino a 30 cm di lunghezza. La pianta pu\u00f2 essere attaccata direttamente su legni, rocce o qualsiasi decorazione dell&#8217;acquario. La propagazione in acquario &hellip; <\/p>\n<p class=\"link-more\"><a href=\"https:\/\/bluacquari.it\/index.php\/product\/anubias-barteri-vasetto\/\" class=\"more-link\">Leggi tutto<span class=\"screen-reader-text\"> &#8220;Anubias barteri (vasetto)&#8221;<\/span><\/a><\/p>\n","protected":false},"featured_media":8917,"template":"","meta":[],"pwb-brand":[],"product_brand":[],"product_cat":[228,227,249,258],"product_tag":[],"class_list":{"0":"post-8916","1":"product","2":"type-product","3":"status-publish","4":"has-post-thumbnail","6":"product_cat-acqua-dolce","7":"product_cat-cura","8":"product_cat-piante","9":"product_cat-piante-in-vasetto","11":"first","12":"instock","13":"taxable","14":"shipping-taxable","15":"purchasable","16":"product-type-simple"},"yoast_head":"<!-- This site is optimized with the Yoast SEO plugin v26.6 - https:\/\/yoast.com\/wordpress\/plugins\/seo\/ -->\n<title>Anubias barteri (vasetto) - Blu Acquari &amp; Natura<\/title>\n<meta name=\"robots\" content=\"index, follow, max-snippet:-1, max-image-preview:large, max-video-preview:-1\" \/>\n<link rel=\"canonical\" href=\"https:\/\/bluacquari.it\/index.php\/product\/anubias-barteri-vasetto\/\" \/>\n<meta property=\"og:locale\" content=\"it_IT\" \/>\n<meta property=\"og:type\" content=\"article\" \/>\n<meta property=\"og:title\" content=\"Anubias barteri (vasetto) - Blu Acquari &amp; Natura\" \/>\n<meta property=\"og:description\" content=\"L&#8217; anubias barteri \u00e8 una delle piante acquatiche pi\u00f9 popolari. Come altre anubias pu\u00f2 crescere sia in acquari che in terrari sia sommersi che emersi. Le foglie di questa pianta possono crescere fino a 30 cm di lunghezza. La pianta pu\u00f2 essere attaccata direttamente su legni, rocce o qualsiasi decorazione dell&#8217;acquario. La propagazione in acquario &hellip; Leggi tutto &quot;Anubias barteri (vasetto)&quot;\" \/>\n<meta property=\"og:url\" content=\"https:\/\/bluacquari.it\/index.php\/product\/anubias-barteri-vasetto\/\" \/>\n<meta property=\"og:site_name\" content=\"Blu Acquari &amp; Natura\" \/>\n<meta property=\"article:publisher\" content=\"https:\/\/www.facebook.com\/profile.php?id=100063957667129\" \/>\n<meta property=\"article:modified_time\" content=\"2023-03-10T10:04:40+00:00\" \/>\n<meta property=\"og:image\" content=\"http:\/\/bluacquari.it\/wp-content\/uploads\/2023\/03\/pianta-per-acquario-anubias-barteri-in-vaso.jpg\" \/>\n\t<meta property=\"og:image:width\" content=\"312\" \/>\n\t<meta property=\"og:image:height\" content=\"400\" \/>\n\t<meta property=\"og:image:type\" content=\"image\/jpeg\" \/>\n<meta name=\"twitter:card\" content=\"summary_large_image\" \/>\n<meta name=\"twitter:label1\" content=\"Tempo di lettura stimato\" \/>\n\t<meta name=\"twitter:data1\" content=\"1 minuto\" \/>\n<script type=\"application\/ld+json\" class=\"yoast-schema-graph\">{\"@context\":\"https:\/\/schema.org\",\"@graph\":[{\"@type\":\"WebPage\",\"@id\":\"https:\/\/bluacquari.it\/index.php\/product\/anubias-barteri-vasetto\/\",\"url\":\"https:\/\/bluacquari.it\/index.php\/product\/anubias-barteri-vasetto\/\",\"name\":\"Anubias barteri (vasetto) - Blu Acquari &amp; Natura\",\"isPartOf\":{\"@id\":\"https:\/\/bluacquari.it\/#website\"},\"primaryImageOfPage\":{\"@id\":\"https:\/\/bluacquari.it\/index.php\/product\/anubias-barteri-vasetto\/#primaryimage\"},\"image\":{\"@id\":\"https:\/\/bluacquari.it\/index.php\/product\/anubias-barteri-vasetto\/#primaryimage\"},\"thumbnailUrl\":\"https:\/\/bluacquari.it\/wp-content\/uploads\/2023\/03\/pianta-per-acquario-anubias-barteri-in-vaso.jpg\",\"datePublished\":\"2023-03-10T10:01:28+00:00\",\"dateModified\":\"2023-03-10T10:04:40+00:00\",\"breadcrumb\":{\"@id\":\"https:\/\/bluacquari.it\/index.php\/product\/anubias-barteri-vasetto\/#breadcrumb\"},\"inLanguage\":\"it-IT\",\"potentialAction\":[{\"@type\":\"ReadAction\",\"target\":[\"https:\/\/bluacquari.it\/index.php\/product\/anubias-barteri-vasetto\/\"]}]},{\"@type\":\"ImageObject\",\"inLanguage\":\"it-IT\",\"@id\":\"https:\/\/bluacquari.it\/index.php\/product\/anubias-barteri-vasetto\/#primaryimage\",\"url\":\"https:\/\/bluacquari.it\/wp-content\/uploads\/2023\/03\/pianta-per-acquario-anubias-barteri-in-vaso.jpg\",\"contentUrl\":\"https:\/\/bluacquari.it\/wp-content\/uploads\/2023\/03\/pianta-per-acquario-anubias-barteri-in-vaso.jpg\",\"width\":312,\"height\":400},{\"@type\":\"BreadcrumbList\",\"@id\":\"https:\/\/bluacquari.it\/index.php\/product\/anubias-barteri-vasetto\/#breadcrumb\",\"itemListElement\":[{\"@type\":\"ListItem\",\"position\":1,\"name\":\"Home\",\"item\":\"https:\/\/bluacquari.it\/\"},{\"@type\":\"ListItem\",\"position\":2,\"name\":\"Prodotti\",\"item\":\"https:\/\/bluacquari.it\/index.php\/prodotti\/\"},{\"@type\":\"ListItem\",\"position\":3,\"name\":\"Anubias barteri (vasetto)\"}]},{\"@type\":\"WebSite\",\"@id\":\"https:\/\/bluacquari.it\/#website\",\"url\":\"https:\/\/bluacquari.it\/\",\"name\":\"Blu Acquari &amp; Natura\",\"description\":\"Rendi unico il tuo acquario\",\"publisher\":{\"@id\":\"https:\/\/bluacquari.it\/#organization\"},\"potentialAction\":[{\"@type\":\"SearchAction\",\"target\":{\"@type\":\"EntryPoint\",\"urlTemplate\":\"https:\/\/bluacquari.it\/?s={search_term_string}\"},\"query-input\":{\"@type\":\"PropertyValueSpecification\",\"valueRequired\":true,\"valueName\":\"search_term_string\"}}],\"inLanguage\":\"it-IT\"},{\"@type\":\"Organization\",\"@id\":\"https:\/\/bluacquari.it\/#organization\",\"name\":\"Blu Acquari &amp; Natura\",\"url\":\"https:\/\/bluacquari.it\/\",\"logo\":{\"@type\":\"ImageObject\",\"inLanguage\":\"it-IT\",\"@id\":\"https:\/\/bluacquari.it\/#\/schema\/logo\/image\/\",\"url\":\"https:\/\/bluacquari.it\/wp-content\/uploads\/2022\/08\/Logo.png\",\"contentUrl\":\"https:\/\/bluacquari.it\/wp-content\/uploads\/2022\/08\/Logo.png\",\"width\":850,\"height\":425,\"caption\":\"Blu Acquari &amp; Natura\"},\"image\":{\"@id\":\"https:\/\/bluacquari.it\/#\/schema\/logo\/image\/\"},\"sameAs\":[\"https:\/\/www.facebook.com\/profile.php?id=100063957667129\",\"https:\/\/www.instagram.com\/blu_acquari_roma\/\"]}]}<\/script>\n<!-- \/ Yoast SEO plugin. -->","yoast_head_json":{"title":"Anubias barteri (vasetto) - Blu Acquari &amp; Natura","robots":{"index":"index","follow":"follow","max-snippet":"max-snippet:-1","max-image-preview":"max-image-preview:large","max-video-preview":"max-video-preview:-1"},"canonical":"https:\/\/bluacquari.it\/index.php\/product\/anubias-barteri-vasetto\/","og_locale":"it_IT","og_type":"article","og_title":"Anubias barteri (vasetto) - Blu Acquari &amp; Natura","og_description":"L&#8217; anubias barteri \u00e8 una delle piante acquatiche pi\u00f9 popolari. Come altre anubias pu\u00f2 crescere sia in acquari che in terrari sia sommersi che emersi. Le foglie di questa pianta possono crescere fino a 30 cm di lunghezza. La pianta pu\u00f2 essere attaccata direttamente su legni, rocce o qualsiasi decorazione dell&#8217;acquario. La propagazione in acquario &hellip; Leggi tutto \"Anubias barteri (vasetto)\"","og_url":"https:\/\/bluacquari.it\/index.php\/product\/anubias-barteri-vasetto\/","og_site_name":"Blu Acquari &amp; Natura","article_publisher":"https:\/\/www.facebook.com\/profile.php?id=100063957667129","article_modified_time":"2023-03-10T10:04:40+00:00","og_image":[{"width":312,"height":400,"url":"http:\/\/bluacquari.it\/wp-content\/uploads\/2023\/03\/pianta-per-acquario-anubias-barteri-in-vaso.jpg","type":"image\/jpeg"}],"twitter_card":"summary_large_image","twitter_misc":{"Tempo di lettura stimato":"1 minuto"},"schema":{"@context":"https:\/\/schema.org","@graph":[{"@type":"WebPage","@id":"https:\/\/bluacquari.it\/index.php\/product\/anubias-barteri-vasetto\/","url":"https:\/\/bluacquari.it\/index.php\/product\/anubias-barteri-vasetto\/","name":"Anubias barteri (vasetto) - Blu Acquari &amp; Natura","isPartOf":{"@id":"https:\/\/bluacquari.it\/#website"},"primaryImageOfPage":{"@id":"https:\/\/bluacquari.it\/index.php\/product\/anubias-barteri-vasetto\/#primaryimage"},"image":{"@id":"https:\/\/bluacquari.it\/index.php\/product\/anubias-barteri-vasetto\/#primaryimage"},"thumbnailUrl":"https:\/\/bluacquari.it\/wp-content\/uploads\/2023\/03\/pianta-per-acquario-anubias-barteri-in-vaso.jpg","datePublished":"2023-03-10T10:01:28+00:00","dateModified":"2023-03-10T10:04:40+00:00","breadcrumb":{"@id":"https:\/\/bluacquari.it\/index.php\/product\/anubias-barteri-vasetto\/#breadcrumb"},"inLanguage":"it-IT","potentialAction":[{"@type":"ReadAction","target":["https:\/\/bluacquari.it\/index.php\/product\/anubias-barteri-vasetto\/"]}]},{"@type":"ImageObject","inLanguage":"it-IT","@id":"https:\/\/bluacquari.it\/index.php\/product\/anubias-barteri-vasetto\/#primaryimage","url":"https:\/\/bluacquari.it\/wp-content\/uploads\/2023\/03\/pianta-per-acquario-anubias-barteri-in-vaso.jpg","contentUrl":"https:\/\/bluacquari.it\/wp-content\/uploads\/2023\/03\/pianta-per-acquario-anubias-barteri-in-vaso.jpg","width":312,"height":400},{"@type":"BreadcrumbList","@id":"https:\/\/bluacquari.it\/index.php\/product\/anubias-barteri-vasetto\/#breadcrumb","itemListElement":[{"@type":"ListItem","position":1,"name":"Home","item":"https:\/\/bluacquari.it\/"},{"@type":"ListItem","position":2,"name":"Prodotti","item":"https:\/\/bluacquari.it\/index.php\/prodotti\/"},{"@type":"ListItem","position":3,"name":"Anubias barteri (vasetto)"}]},{"@type":"WebSite","@id":"https:\/\/bluacquari.it\/#website","url":"https:\/\/bluacquari.it\/","name":"Blu Acquari &amp; Natura","description":"Rendi unico il tuo acquario","publisher":{"@id":"https:\/\/bluacquari.it\/#organization"},"potentialAction":[{"@type":"SearchAction","target":{"@type":"EntryPoint","urlTemplate":"https:\/\/bluacquari.it\/?s={search_term_string}"},"query-input":{"@type":"PropertyValueSpecification","valueRequired":true,"valueName":"search_term_string"}}],"inLanguage":"it-IT"},{"@type":"Organization","@id":"https:\/\/bluacquari.it\/#organization","name":"Blu Acquari &amp; Natura","url":"https:\/\/bluacquari.it\/","logo":{"@type":"ImageObject","inLanguage":"it-IT","@id":"https:\/\/bluacquari.it\/#\/schema\/logo\/image\/","url":"https:\/\/bluacquari.it\/wp-content\/uploads\/2022\/08\/Logo.png","contentUrl":"https:\/\/bluacquari.it\/wp-content\/uploads\/2022\/08\/Logo.png","width":850,"height":425,"caption":"Blu Acquari &amp; Natura"},"image":{"@id":"https:\/\/bluacquari.it\/#\/schema\/logo\/image\/"},"sameAs":["https:\/\/www.facebook.com\/profile.php?id=100063957667129","https:\/\/www.instagram.com\/blu_acquari_roma\/"]}]}},"jetpack_sharing_enabled":true,"brands":[],"featured_media_urls":{"thumbnail":["https:\/\/bluacquari.it\/wp-content\/uploads\/2023\/03\/pianta-per-acquario-anubias-barteri-in-vaso-150x150.jpg",150,150,true],"medium":["https:\/\/bluacquari.it\/wp-content\/uploads\/2023\/03\/pianta-per-acquario-anubias-barteri-in-vaso-234x300.jpg",234,300,true],"medium_large":["https:\/\/bluacquari.it\/wp-content\/uploads\/2023\/03\/pianta-per-acquario-anubias-barteri-in-vaso.jpg",312,400,false],"large":["https:\/\/bluacquari.it\/wp-content\/uploads\/2023\/03\/pianta-per-acquario-anubias-barteri-in-vaso.jpg",312,400,false],"1536x1536":["https:\/\/bluacquari.it\/wp-content\/uploads\/2023\/03\/pianta-per-acquario-anubias-barteri-in-vaso.jpg",312,400,false],"2048x2048":["https:\/\/bluacquari.it\/wp-content\/uploads\/2023\/03\/pianta-per-acquario-anubias-barteri-in-vaso.jpg",312,400,false],"inspiro-featured-image":["https:\/\/bluacquari.it\/wp-content\/uploads\/2023\/03\/pianta-per-acquario-anubias-barteri-in-vaso.jpg",312,400,false],"inspiro-loop":["https:\/\/bluacquari.it\/wp-content\/uploads\/2023\/03\/pianta-per-acquario-anubias-barteri-in-vaso-312x320.jpg",312,320,true],"inspiro-loop@2x":["https:\/\/bluacquari.it\/wp-content\/uploads\/2023\/03\/pianta-per-acquario-anubias-barteri-in-vaso.jpg",312,400,false],"woocommerce_thumbnail":["https:\/\/bluacquari.it\/wp-content\/uploads\/2023\/03\/pianta-per-acquario-anubias-barteri-in-vaso-300x300.jpg",300,300,true],"woocommerce_single":["https:\/\/bluacquari.it\/wp-content\/uploads\/2023\/03\/pianta-per-acquario-anubias-barteri-in-vaso.jpg",312,400,false],"woocommerce_gallery_thumbnail":["https:\/\/bluacquari.it\/wp-content\/uploads\/2023\/03\/pianta-per-acquario-anubias-barteri-in-vaso-100x100.jpg",100,100,true],"portfolio_item-thumbnail":["https:\/\/bluacquari.it\/wp-content\/uploads\/2023\/03\/pianta-per-acquario-anubias-barteri-in-vaso.jpg",312,400,false],"portfolio_item-thumbnail@2x":["https:\/\/bluacquari.it\/wp-content\/uploads\/2023\/03\/pianta-per-acquario-anubias-barteri-in-vaso.jpg",312,400,false],"portfolio_item-masonry":["https:\/\/bluacquari.it\/wp-content\/uploads\/2023\/03\/pianta-per-acquario-anubias-barteri-in-vaso.jpg",312,400,false],"portfolio_item-masonry@2x":["https:\/\/bluacquari.it\/wp-content\/uploads\/2023\/03\/pianta-per-acquario-anubias-barteri-in-vaso.jpg",312,400,false],"portfolio_item-thumbnail_cinema":["https:\/\/bluacquari.it\/wp-content\/uploads\/2023\/03\/pianta-per-acquario-anubias-barteri-in-vaso-312x335.jpg",312,335,true],"portfolio_item-thumbnail_portrait":["https:\/\/bluacquari.it\/wp-content\/uploads\/2023\/03\/pianta-per-acquario-anubias-barteri-in-vaso.jpg",312,400,false],"portfolio_item-thumbnail_portrait@2x":["https:\/\/bluacquari.it\/wp-content\/uploads\/2023\/03\/pianta-per-acquario-anubias-barteri-in-vaso.jpg",312,400,false],"portfolio_item-thumbnail_square":["https:\/\/bluacquari.it\/wp-content\/uploads\/2023\/03\/pianta-per-acquario-anubias-barteri-in-vaso.jpg",312,400,false]},"_links":{"self":[{"href":"https:\/\/bluacquari.it\/index.php\/wp-json\/wp\/v2\/product\/8916","targetHints":{"allow":["GET"]}}],"collection":[{"href":"https:\/\/bluacquari.it\/index.php\/wp-json\/wp\/v2\/product"}],"about":[{"href":"https:\/\/bluacquari.it\/index.php\/wp-json\/wp\/v2\/types\/product"}],"wp:featuredmedia":[{"embeddable":true,"href":"https:\/\/bluacquari.it\/index.php\/wp-json\/wp\/v2\/media\/8917"}],"wp:attachment":[{"href":"https:\/\/bluacquari.it\/index.php\/wp-json\/wp\/v2\/media?parent=8916"}],"wp:term":[{"taxonomy":"pwb-brand","embeddable":true,"href":"https:\/\/bluacquari.it\/index.php\/wp-json\/wp\/v2\/pwb-brand?post=8916"},{"taxonomy":"product_brand","embeddable":true,"href":"https:\/\/bluacquari.it\/index.php\/wp-json\/wp\/v2\/product_brand?post=8916"},{"taxonomy":"product_cat","embeddable":true,"href":"https:\/\/bluacquari.it\/index.php\/wp-json\/wp\/v2\/product_cat?post=8916"},{"taxonomy":"product_tag","embeddable":true,"href":"https:\/\/bluacquari.it\/index.php\/wp-json\/wp\/v2\/product_tag?post=8916"}],"curies":[{"name":"wp","href":"https:\/\/api.w.org\/{rel}","templated":true}]}}