{"id":8997,"date":"2023-05-26T17:59:45","date_gmt":"2023-05-26T15:59:45","guid":{"rendered":"https:\/\/bluacquari.it\/?post_type=product&#038;p=8997"},"modified":"2023-05-26T18:23:40","modified_gmt":"2023-05-26T16:23:40","slug":"supporto-acquario-kubic-40-aqpet","status":"publish","type":"product","link":"https:\/\/bluacquari.it\/index.php\/product\/supporto-acquario-kubic-40-aqpet\/","title":{"rendered":"Aqpet Supporto acquario Kubic 40"},"content":{"rendered":"<p>I supporti\u00a0<strong>CABINET<\/strong>\u00a0hanno un design unico ed elegante e grazie all&#8217;uso di materiali pregiati, rendono totalmente stabile il vostro acquario. Il montaggio \u00e8 estremamente facile e grazie al discreto spazio al suo intero la praticit\u00e0 \u00e8 assicurata.<\/p>\n<p>Nello specifico il<strong>\u00a0CABINET 40<\/strong>\u00a0non \u00e8 provvisto di ante.<br \/>\nIl mobile \u00e8 formato da due ampi vani che consentono una perfetta organizzazione, a vista, di tutto il necessario per la manutenzione e la cura della vostra vasca.<\/p>\n<p>La mensola centrale, che divide i due vani, \u00e8 regolabile cos\u00ec da poter riporre, all\u2019interno degli scomparti, accessori di diverse dimensioni e lunghezze. Il legno laminato di 18 mm vi consente di avere un mobile facile da montare, ma resistente agli urti e all\u2019usura del tempo. Le dimensioni del\u00a0<strong>CABINET 40 sono 40x40x95<\/strong> cm.<\/p>\n<p>Disponibile nella colorazione bianca.<\/p>\n<p>&nbsp;<\/p>\n","protected":false},"excerpt":{"rendered":"<p>&nbsp;<\/p>\n<p>&nbsp;<\/p>\n","protected":false},"featured_media":8998,"template":"","meta":[],"pwb-brand":[],"product_brand":[],"product_cat":[228,244,235,123,82,84,106,85],"product_tag":[],"class_list":{"0":"post-8997","1":"product","2":"type-product","3":"status-publish","4":"has-post-thumbnail","6":"product_cat-acqua-dolce","7":"product_cat-acqua-salata","8":"product_cat-aqpet","9":"product_cat-accessori","10":"product_cat-acquari","11":"product_cat-acquari-con-coperchio","12":"product_cat-acquari-con-led","13":"product_cat-acquari-in-vetro","15":"first","16":"instock","17":"taxable","18":"shipping-taxable","19":"purchasable","20":"product-type-simple"},"yoast_head":"<!-- This site is optimized with the Yoast SEO plugin v26.6 - https:\/\/yoast.com\/wordpress\/plugins\/seo\/ -->\n<title>Aqpet Supporto acquario Kubic 40 - Blu Acquari &amp; Natura<\/title>\n<meta name=\"robots\" content=\"index, follow, max-snippet:-1, max-image-preview:large, max-video-preview:-1\" \/>\n<link rel=\"canonical\" href=\"https:\/\/bluacquari.it\/index.php\/product\/supporto-acquario-kubic-40-aqpet\/\" \/>\n<meta property=\"og:locale\" content=\"it_IT\" \/>\n<meta property=\"og:type\" content=\"article\" \/>\n<meta property=\"og:title\" content=\"Aqpet Supporto acquario Kubic 40 - Blu Acquari &amp; Natura\" \/>\n<meta property=\"og:description\" content=\"&nbsp;  &nbsp;\" \/>\n<meta property=\"og:url\" content=\"https:\/\/bluacquari.it\/index.php\/product\/supporto-acquario-kubic-40-aqpet\/\" \/>\n<meta property=\"og:site_name\" content=\"Blu Acquari &amp; Natura\" \/>\n<meta property=\"article:publisher\" content=\"https:\/\/www.facebook.com\/profile.php?id=100063957667129\" \/>\n<meta property=\"article:modified_time\" content=\"2023-05-26T16:23:40+00:00\" \/>\n<meta property=\"og:image\" content=\"http:\/\/bluacquari.it\/wp-content\/uploads\/2023\/05\/cabinet-40-supporto-per-acquari-in-legno-40x40x95h.jpg\" \/>\n\t<meta property=\"og:image:width\" content=\"400\" \/>\n\t<meta property=\"og:image:height\" content=\"400\" \/>\n\t<meta property=\"og:image:type\" content=\"image\/jpeg\" \/>\n<meta name=\"twitter:card\" content=\"summary_large_image\" \/>\n<meta name=\"twitter:label1\" content=\"Tempo di lettura stimato\" \/>\n\t<meta name=\"twitter:data1\" content=\"1 minuto\" \/>\n<script type=\"application\/ld+json\" class=\"yoast-schema-graph\">{\"@context\":\"https:\/\/schema.org\",\"@graph\":[{\"@type\":\"WebPage\",\"@id\":\"https:\/\/bluacquari.it\/index.php\/product\/supporto-acquario-kubic-40-aqpet\/\",\"url\":\"https:\/\/bluacquari.it\/index.php\/product\/supporto-acquario-kubic-40-aqpet\/\",\"name\":\"Aqpet Supporto acquario Kubic 40 - Blu Acquari &amp; Natura\",\"isPartOf\":{\"@id\":\"https:\/\/bluacquari.it\/#website\"},\"primaryImageOfPage\":{\"@id\":\"https:\/\/bluacquari.it\/index.php\/product\/supporto-acquario-kubic-40-aqpet\/#primaryimage\"},\"image\":{\"@id\":\"https:\/\/bluacquari.it\/index.php\/product\/supporto-acquario-kubic-40-aqpet\/#primaryimage\"},\"thumbnailUrl\":\"https:\/\/bluacquari.it\/wp-content\/uploads\/2023\/05\/cabinet-40-supporto-per-acquari-in-legno-40x40x95h.jpg\",\"datePublished\":\"2023-05-26T15:59:45+00:00\",\"dateModified\":\"2023-05-26T16:23:40+00:00\",\"breadcrumb\":{\"@id\":\"https:\/\/bluacquari.it\/index.php\/product\/supporto-acquario-kubic-40-aqpet\/#breadcrumb\"},\"inLanguage\":\"it-IT\",\"potentialAction\":[{\"@type\":\"ReadAction\",\"target\":[\"https:\/\/bluacquari.it\/index.php\/product\/supporto-acquario-kubic-40-aqpet\/\"]}]},{\"@type\":\"ImageObject\",\"inLanguage\":\"it-IT\",\"@id\":\"https:\/\/bluacquari.it\/index.php\/product\/supporto-acquario-kubic-40-aqpet\/#primaryimage\",\"url\":\"https:\/\/bluacquari.it\/wp-content\/uploads\/2023\/05\/cabinet-40-supporto-per-acquari-in-legno-40x40x95h.jpg\",\"contentUrl\":\"https:\/\/bluacquari.it\/wp-content\/uploads\/2023\/05\/cabinet-40-supporto-per-acquari-in-legno-40x40x95h.jpg\",\"width\":400,\"height\":400},{\"@type\":\"BreadcrumbList\",\"@id\":\"https:\/\/bluacquari.it\/index.php\/product\/supporto-acquario-kubic-40-aqpet\/#breadcrumb\",\"itemListElement\":[{\"@type\":\"ListItem\",\"position\":1,\"name\":\"Home\",\"item\":\"https:\/\/bluacquari.it\/\"},{\"@type\":\"ListItem\",\"position\":2,\"name\":\"Prodotti\",\"item\":\"https:\/\/bluacquari.it\/index.php\/prodotti\/\"},{\"@type\":\"ListItem\",\"position\":3,\"name\":\"Aqpet Supporto acquario Kubic 40\"}]},{\"@type\":\"WebSite\",\"@id\":\"https:\/\/bluacquari.it\/#website\",\"url\":\"https:\/\/bluacquari.it\/\",\"name\":\"Blu Acquari &amp; Natura\",\"description\":\"Rendi unico il tuo acquario\",\"publisher\":{\"@id\":\"https:\/\/bluacquari.it\/#organization\"},\"potentialAction\":[{\"@type\":\"SearchAction\",\"target\":{\"@type\":\"EntryPoint\",\"urlTemplate\":\"https:\/\/bluacquari.it\/?s={search_term_string}\"},\"query-input\":{\"@type\":\"PropertyValueSpecification\",\"valueRequired\":true,\"valueName\":\"search_term_string\"}}],\"inLanguage\":\"it-IT\"},{\"@type\":\"Organization\",\"@id\":\"https:\/\/bluacquari.it\/#organization\",\"name\":\"Blu Acquari &amp; Natura\",\"url\":\"https:\/\/bluacquari.it\/\",\"logo\":{\"@type\":\"ImageObject\",\"inLanguage\":\"it-IT\",\"@id\":\"https:\/\/bluacquari.it\/#\/schema\/logo\/image\/\",\"url\":\"https:\/\/bluacquari.it\/wp-content\/uploads\/2022\/08\/Logo.png\",\"contentUrl\":\"https:\/\/bluacquari.it\/wp-content\/uploads\/2022\/08\/Logo.png\",\"width\":850,\"height\":425,\"caption\":\"Blu Acquari &amp; Natura\"},\"image\":{\"@id\":\"https:\/\/bluacquari.it\/#\/schema\/logo\/image\/\"},\"sameAs\":[\"https:\/\/www.facebook.com\/profile.php?id=100063957667129\",\"https:\/\/www.instagram.com\/blu_acquari_roma\/\"]}]}<\/script>\n<!-- \/ Yoast SEO plugin. -->","yoast_head_json":{"title":"Aqpet Supporto acquario Kubic 40 - Blu Acquari &amp; Natura","robots":{"index":"index","follow":"follow","max-snippet":"max-snippet:-1","max-image-preview":"max-image-preview:large","max-video-preview":"max-video-preview:-1"},"canonical":"https:\/\/bluacquari.it\/index.php\/product\/supporto-acquario-kubic-40-aqpet\/","og_locale":"it_IT","og_type":"article","og_title":"Aqpet Supporto acquario Kubic 40 - Blu Acquari &amp; Natura","og_description":"&nbsp;  &nbsp;","og_url":"https:\/\/bluacquari.it\/index.php\/product\/supporto-acquario-kubic-40-aqpet\/","og_site_name":"Blu Acquari &amp; Natura","article_publisher":"https:\/\/www.facebook.com\/profile.php?id=100063957667129","article_modified_time":"2023-05-26T16:23:40+00:00","og_image":[{"width":400,"height":400,"url":"http:\/\/bluacquari.it\/wp-content\/uploads\/2023\/05\/cabinet-40-supporto-per-acquari-in-legno-40x40x95h.jpg","type":"image\/jpeg"}],"twitter_card":"summary_large_image","twitter_misc":{"Tempo di lettura stimato":"1 minuto"},"schema":{"@context":"https:\/\/schema.org","@graph":[{"@type":"WebPage","@id":"https:\/\/bluacquari.it\/index.php\/product\/supporto-acquario-kubic-40-aqpet\/","url":"https:\/\/bluacquari.it\/index.php\/product\/supporto-acquario-kubic-40-aqpet\/","name":"Aqpet Supporto acquario Kubic 40 - Blu Acquari &amp; Natura","isPartOf":{"@id":"https:\/\/bluacquari.it\/#website"},"primaryImageOfPage":{"@id":"https:\/\/bluacquari.it\/index.php\/product\/supporto-acquario-kubic-40-aqpet\/#primaryimage"},"image":{"@id":"https:\/\/bluacquari.it\/index.php\/product\/supporto-acquario-kubic-40-aqpet\/#primaryimage"},"thumbnailUrl":"https:\/\/bluacquari.it\/wp-content\/uploads\/2023\/05\/cabinet-40-supporto-per-acquari-in-legno-40x40x95h.jpg","datePublished":"2023-05-26T15:59:45+00:00","dateModified":"2023-05-26T16:23:40+00:00","breadcrumb":{"@id":"https:\/\/bluacquari.it\/index.php\/product\/supporto-acquario-kubic-40-aqpet\/#breadcrumb"},"inLanguage":"it-IT","potentialAction":[{"@type":"ReadAction","target":["https:\/\/bluacquari.it\/index.php\/product\/supporto-acquario-kubic-40-aqpet\/"]}]},{"@type":"ImageObject","inLanguage":"it-IT","@id":"https:\/\/bluacquari.it\/index.php\/product\/supporto-acquario-kubic-40-aqpet\/#primaryimage","url":"https:\/\/bluacquari.it\/wp-content\/uploads\/2023\/05\/cabinet-40-supporto-per-acquari-in-legno-40x40x95h.jpg","contentUrl":"https:\/\/bluacquari.it\/wp-content\/uploads\/2023\/05\/cabinet-40-supporto-per-acquari-in-legno-40x40x95h.jpg","width":400,"height":400},{"@type":"BreadcrumbList","@id":"https:\/\/bluacquari.it\/index.php\/product\/supporto-acquario-kubic-40-aqpet\/#breadcrumb","itemListElement":[{"@type":"ListItem","position":1,"name":"Home","item":"https:\/\/bluacquari.it\/"},{"@type":"ListItem","position":2,"name":"Prodotti","item":"https:\/\/bluacquari.it\/index.php\/prodotti\/"},{"@type":"ListItem","position":3,"name":"Aqpet Supporto acquario Kubic 40"}]},{"@type":"WebSite","@id":"https:\/\/bluacquari.it\/#website","url":"https:\/\/bluacquari.it\/","name":"Blu Acquari &amp; Natura","description":"Rendi unico il tuo acquario","publisher":{"@id":"https:\/\/bluacquari.it\/#organization"},"potentialAction":[{"@type":"SearchAction","target":{"@type":"EntryPoint","urlTemplate":"https:\/\/bluacquari.it\/?s={search_term_string}"},"query-input":{"@type":"PropertyValueSpecification","valueRequired":true,"valueName":"search_term_string"}}],"inLanguage":"it-IT"},{"@type":"Organization","@id":"https:\/\/bluacquari.it\/#organization","name":"Blu Acquari &amp; Natura","url":"https:\/\/bluacquari.it\/","logo":{"@type":"ImageObject","inLanguage":"it-IT","@id":"https:\/\/bluacquari.it\/#\/schema\/logo\/image\/","url":"https:\/\/bluacquari.it\/wp-content\/uploads\/2022\/08\/Logo.png","contentUrl":"https:\/\/bluacquari.it\/wp-content\/uploads\/2022\/08\/Logo.png","width":850,"height":425,"caption":"Blu Acquari &amp; Natura"},"image":{"@id":"https:\/\/bluacquari.it\/#\/schema\/logo\/image\/"},"sameAs":["https:\/\/www.facebook.com\/profile.php?id=100063957667129","https:\/\/www.instagram.com\/blu_acquari_roma\/"]}]}},"jetpack_sharing_enabled":true,"brands":[],"featured_media_urls":{"thumbnail":["https:\/\/bluacquari.it\/wp-content\/uploads\/2023\/05\/cabinet-40-supporto-per-acquari-in-legno-40x40x95h-150x150.jpg",150,150,true],"medium":["https:\/\/bluacquari.it\/wp-content\/uploads\/2023\/05\/cabinet-40-supporto-per-acquari-in-legno-40x40x95h-300x300.jpg",300,300,true],"medium_large":["https:\/\/bluacquari.it\/wp-content\/uploads\/2023\/05\/cabinet-40-supporto-per-acquari-in-legno-40x40x95h.jpg",400,400,false],"large":["https:\/\/bluacquari.it\/wp-content\/uploads\/2023\/05\/cabinet-40-supporto-per-acquari-in-legno-40x40x95h.jpg",400,400,false],"1536x1536":["https:\/\/bluacquari.it\/wp-content\/uploads\/2023\/05\/cabinet-40-supporto-per-acquari-in-legno-40x40x95h.jpg",400,400,false],"2048x2048":["https:\/\/bluacquari.it\/wp-content\/uploads\/2023\/05\/cabinet-40-supporto-per-acquari-in-legno-40x40x95h.jpg",400,400,false],"inspiro-featured-image":["https:\/\/bluacquari.it\/wp-content\/uploads\/2023\/05\/cabinet-40-supporto-per-acquari-in-legno-40x40x95h.jpg",400,400,false],"inspiro-loop":["https:\/\/bluacquari.it\/wp-content\/uploads\/2023\/05\/cabinet-40-supporto-per-acquari-in-legno-40x40x95h-400x320.jpg",400,320,true],"inspiro-loop@2x":["https:\/\/bluacquari.it\/wp-content\/uploads\/2023\/05\/cabinet-40-supporto-per-acquari-in-legno-40x40x95h.jpg",400,400,false],"woocommerce_thumbnail":["https:\/\/bluacquari.it\/wp-content\/uploads\/2023\/05\/cabinet-40-supporto-per-acquari-in-legno-40x40x95h-300x300.jpg",300,300,true],"woocommerce_single":["https:\/\/bluacquari.it\/wp-content\/uploads\/2023\/05\/cabinet-40-supporto-per-acquari-in-legno-40x40x95h.jpg",400,400,false],"woocommerce_gallery_thumbnail":["https:\/\/bluacquari.it\/wp-content\/uploads\/2023\/05\/cabinet-40-supporto-per-acquari-in-legno-40x40x95h-100x100.jpg",100,100,true],"portfolio_item-thumbnail":["https:\/\/bluacquari.it\/wp-content\/uploads\/2023\/05\/cabinet-40-supporto-per-acquari-in-legno-40x40x95h.jpg",400,400,false],"portfolio_item-thumbnail@2x":["https:\/\/bluacquari.it\/wp-content\/uploads\/2023\/05\/cabinet-40-supporto-per-acquari-in-legno-40x40x95h.jpg",400,400,false],"portfolio_item-masonry":["https:\/\/bluacquari.it\/wp-content\/uploads\/2023\/05\/cabinet-40-supporto-per-acquari-in-legno-40x40x95h.jpg",400,400,false],"portfolio_item-masonry@2x":["https:\/\/bluacquari.it\/wp-content\/uploads\/2023\/05\/cabinet-40-supporto-per-acquari-in-legno-40x40x95h.jpg",400,400,false],"portfolio_item-thumbnail_cinema":["https:\/\/bluacquari.it\/wp-content\/uploads\/2023\/05\/cabinet-40-supporto-per-acquari-in-legno-40x40x95h-400x335.jpg",400,335,true],"portfolio_item-thumbnail_portrait":["https:\/\/bluacquari.it\/wp-content\/uploads\/2023\/05\/cabinet-40-supporto-per-acquari-in-legno-40x40x95h.jpg",400,400,false],"portfolio_item-thumbnail_portrait@2x":["https:\/\/bluacquari.it\/wp-content\/uploads\/2023\/05\/cabinet-40-supporto-per-acquari-in-legno-40x40x95h.jpg",400,400,false],"portfolio_item-thumbnail_square":["https:\/\/bluacquari.it\/wp-content\/uploads\/2023\/05\/cabinet-40-supporto-per-acquari-in-legno-40x40x95h.jpg",400,400,false]},"_links":{"self":[{"href":"https:\/\/bluacquari.it\/index.php\/wp-json\/wp\/v2\/product\/8997","targetHints":{"allow":["GET"]}}],"collection":[{"href":"https:\/\/bluacquari.it\/index.php\/wp-json\/wp\/v2\/product"}],"about":[{"href":"https:\/\/bluacquari.it\/index.php\/wp-json\/wp\/v2\/types\/product"}],"wp:featuredmedia":[{"embeddable":true,"href":"https:\/\/bluacquari.it\/index.php\/wp-json\/wp\/v2\/media\/8998"}],"wp:attachment":[{"href":"https:\/\/bluacquari.it\/index.php\/wp-json\/wp\/v2\/media?parent=8997"}],"wp:term":[{"taxonomy":"pwb-brand","embeddable":true,"href":"https:\/\/bluacquari.it\/index.php\/wp-json\/wp\/v2\/pwb-brand?post=8997"},{"taxonomy":"product_brand","embeddable":true,"href":"https:\/\/bluacquari.it\/index.php\/wp-json\/wp\/v2\/product_brand?post=8997"},{"taxonomy":"product_cat","embeddable":true,"href":"https:\/\/bluacquari.it\/index.php\/wp-json\/wp\/v2\/product_cat?post=8997"},{"taxonomy":"product_tag","embeddable":true,"href":"https:\/\/bluacquari.it\/index.php\/wp-json\/wp\/v2\/product_tag?post=8997"}],"curies":[{"name":"wp","href":"https:\/\/api.w.org\/{rel}","templated":true}]}}